{"id":9894,"date":"2024-06-04T15:24:40","date_gmt":"2024-06-04T20:24:40","guid":{"rendered":"https:\/\/nomverify.com\/conseil-en-services\/"},"modified":"2025-06-27T10:17:39","modified_gmt":"2025-06-27T15:17:39","slug":"conseil-en-services","status":"publish","type":"page","link":"https:\/\/nomverify.com\/fr\/conseil-en-services\/","title":{"rendered":"Valeur ajout\u00e9e"},"content":{"rendered":"","protected":false},"excerpt":{"rendered":"","protected":false},"author":9,"featured_media":0,"parent":0,"menu_order":0,"comment_status":"closed","ping_status":"closed","template":"","meta":{"footnotes":""},"class_list":["post-9894","page","type-page","status-publish","hentry"],"yoast_head":"<!-- This site is optimized with the Yoast SEO plugin v27.3 - https:\/\/yoast.com\/product\/yoast-seo-wordpress\/ -->\n<title>Valeur ajout\u00e9e - Nomverify M\u00e9xico<\/title>\n<meta name=\"description\" content=\"Nous assurons la qualit\u00e9 et la conformit\u00e9 r\u00e9glementaire et sanitaire de votre produit sur le point de vente. Contactez-nous pour plus d&#039;informations !\" \/>\n<meta name=\"robots\" content=\"index, follow, max-snippet:-1, max-image-preview:large, max-video-preview:-1\" \/>\n<link rel=\"canonical\" href=\"https:\/\/nomverify.com\/fr\/conseil-en-services\/\" \/>\n<meta property=\"og:locale\" content=\"fr_FR\" \/>\n<meta property=\"og:type\" content=\"article\" \/>\n<meta property=\"og:title\" content=\"Valeur ajout\u00e9e - Nomverify M\u00e9xico\" \/>\n<meta property=\"og:description\" content=\"Nous assurons la qualit\u00e9 et la conformit\u00e9 r\u00e9glementaire et sanitaire de votre produit sur le point de vente. Contactez-nous pour plus d&#039;informations !\" \/>\n<meta property=\"og:url\" content=\"https:\/\/nomverify.com\/fr\/conseil-en-services\/\" \/>\n<meta property=\"og:site_name\" content=\"Nomverify M\u00e9xico\" \/>\n<meta property=\"article:publisher\" content=\"https:\/\/www.facebook.com\/NomverifyMexico\" \/>\n<meta property=\"article:modified_time\" content=\"2025-06-27T15:17:39+00:00\" \/>\n<meta name=\"twitter:card\" content=\"summary_large_image\" \/>\n<script type=\"application\/ld+json\" class=\"yoast-schema-graph\">{\"@context\":\"https:\\\/\\\/schema.org\",\"@graph\":[{\"@type\":\"WebPage\",\"@id\":\"https:\\\/\\\/nomverify.com\\\/fr\\\/conseil-en-services\\\/\",\"url\":\"https:\\\/\\\/nomverify.com\\\/fr\\\/conseil-en-services\\\/\",\"name\":\"Valeur ajout\u00e9e - Nomverify M\u00e9xico\",\"isPartOf\":{\"@id\":\"https:\\\/\\\/nomverify.com\\\/fr\\\/#website\"},\"datePublished\":\"2024-06-04T20:24:40+00:00\",\"dateModified\":\"2025-06-27T15:17:39+00:00\",\"description\":\"Nous assurons la qualit\u00e9 et la conformit\u00e9 r\u00e9glementaire et sanitaire de votre produit sur le point de vente. Contactez-nous pour plus d'informations !\",\"inLanguage\":\"fr-FR\",\"potentialAction\":[{\"@type\":\"ReadAction\",\"target\":[\"https:\\\/\\\/nomverify.com\\\/fr\\\/conseil-en-services\\\/\"]}]},{\"@type\":\"WebSite\",\"@id\":\"https:\\\/\\\/nomverify.com\\\/fr\\\/#website\",\"url\":\"https:\\\/\\\/nomverify.com\\\/fr\\\/\",\"name\":\"Nomverify M\u00e9xico\",\"description\":\"Unidad de Inspecci\u00f3n Acreditada UVA en M\u00e9xico\",\"publisher\":{\"@id\":\"https:\\\/\\\/nomverify.com\\\/fr\\\/#organization\"},\"potentialAction\":[{\"@type\":\"SearchAction\",\"target\":{\"@type\":\"EntryPoint\",\"urlTemplate\":\"https:\\\/\\\/nomverify.com\\\/fr\\\/?s={search_term_string}\"},\"query-input\":{\"@type\":\"PropertyValueSpecification\",\"valueRequired\":true,\"valueName\":\"search_term_string\"}}],\"inLanguage\":\"fr-FR\"},{\"@type\":\"Organization\",\"@id\":\"https:\\\/\\\/nomverify.com\\\/fr\\\/#organization\",\"name\":\"NOMVERIFY M\u00c9XICO SC\",\"alternateName\":\"NOMVERIFY\",\"url\":\"https:\\\/\\\/nomverify.com\\\/fr\\\/\",\"logo\":{\"@type\":\"ImageObject\",\"inLanguage\":\"fr-FR\",\"@id\":\"https:\\\/\\\/nomverify.com\\\/fr\\\/#\\\/schema\\\/logo\\\/image\\\/\",\"url\":\"https:\\\/\\\/nomverify.com\\\/wp-content\\\/uploads\\\/2023\\\/03\\\/Logo-NOMVERIFY-02.png\",\"contentUrl\":\"https:\\\/\\\/nomverify.com\\\/wp-content\\\/uploads\\\/2023\\\/03\\\/Logo-NOMVERIFY-02.png\",\"width\":1816,\"height\":418,\"caption\":\"NOMVERIFY M\u00c9XICO SC\"},\"image\":{\"@id\":\"https:\\\/\\\/nomverify.com\\\/fr\\\/#\\\/schema\\\/logo\\\/image\\\/\"},\"sameAs\":[\"https:\\\/\\\/www.facebook.com\\\/NomverifyMexico\",\"https:\\\/\\\/www.instagram.com\\\/nomverify_mx\\\/\"]}]}<\/script>\n<!-- \/ Yoast SEO plugin. -->","yoast_head_json":{"title":"Valeur ajout\u00e9e - Nomverify M\u00e9xico","description":"Nous assurons la qualit\u00e9 et la conformit\u00e9 r\u00e9glementaire et sanitaire de votre produit sur le point de vente. Contactez-nous pour plus d'informations !","robots":{"index":"index","follow":"follow","max-snippet":"max-snippet:-1","max-image-preview":"max-image-preview:large","max-video-preview":"max-video-preview:-1"},"canonical":"https:\/\/nomverify.com\/fr\/conseil-en-services\/","og_locale":"fr_FR","og_type":"article","og_title":"Valeur ajout\u00e9e - Nomverify M\u00e9xico","og_description":"Nous assurons la qualit\u00e9 et la conformit\u00e9 r\u00e9glementaire et sanitaire de votre produit sur le point de vente. Contactez-nous pour plus d'informations !","og_url":"https:\/\/nomverify.com\/fr\/conseil-en-services\/","og_site_name":"Nomverify M\u00e9xico","article_publisher":"https:\/\/www.facebook.com\/NomverifyMexico","article_modified_time":"2025-06-27T15:17:39+00:00","twitter_card":"summary_large_image","schema":{"@context":"https:\/\/schema.org","@graph":[{"@type":"WebPage","@id":"https:\/\/nomverify.com\/fr\/conseil-en-services\/","url":"https:\/\/nomverify.com\/fr\/conseil-en-services\/","name":"Valeur ajout\u00e9e - Nomverify M\u00e9xico","isPartOf":{"@id":"https:\/\/nomverify.com\/fr\/#website"},"datePublished":"2024-06-04T20:24:40+00:00","dateModified":"2025-06-27T15:17:39+00:00","description":"Nous assurons la qualit\u00e9 et la conformit\u00e9 r\u00e9glementaire et sanitaire de votre produit sur le point de vente. Contactez-nous pour plus d'informations !","inLanguage":"fr-FR","potentialAction":[{"@type":"ReadAction","target":["https:\/\/nomverify.com\/fr\/conseil-en-services\/"]}]},{"@type":"WebSite","@id":"https:\/\/nomverify.com\/fr\/#website","url":"https:\/\/nomverify.com\/fr\/","name":"Nomverify M\u00e9xico","description":"Unidad de Inspecci\u00f3n Acreditada UVA en M\u00e9xico","publisher":{"@id":"https:\/\/nomverify.com\/fr\/#organization"},"potentialAction":[{"@type":"SearchAction","target":{"@type":"EntryPoint","urlTemplate":"https:\/\/nomverify.com\/fr\/?s={search_term_string}"},"query-input":{"@type":"PropertyValueSpecification","valueRequired":true,"valueName":"search_term_string"}}],"inLanguage":"fr-FR"},{"@type":"Organization","@id":"https:\/\/nomverify.com\/fr\/#organization","name":"NOMVERIFY M\u00c9XICO SC","alternateName":"NOMVERIFY","url":"https:\/\/nomverify.com\/fr\/","logo":{"@type":"ImageObject","inLanguage":"fr-FR","@id":"https:\/\/nomverify.com\/fr\/#\/schema\/logo\/image\/","url":"https:\/\/nomverify.com\/wp-content\/uploads\/2023\/03\/Logo-NOMVERIFY-02.png","contentUrl":"https:\/\/nomverify.com\/wp-content\/uploads\/2023\/03\/Logo-NOMVERIFY-02.png","width":1816,"height":418,"caption":"NOMVERIFY M\u00c9XICO SC"},"image":{"@id":"https:\/\/nomverify.com\/fr\/#\/schema\/logo\/image\/"},"sameAs":["https:\/\/www.facebook.com\/NomverifyMexico","https:\/\/www.instagram.com\/nomverify_mx\/"]}]}},"amp_enabled":true,"_links":{"self":[{"href":"https:\/\/nomverify.com\/fr\/wp-json\/wp\/v2\/pages\/9894","targetHints":{"allow":["GET"]}}],"collection":[{"href":"https:\/\/nomverify.com\/fr\/wp-json\/wp\/v2\/pages"}],"about":[{"href":"https:\/\/nomverify.com\/fr\/wp-json\/wp\/v2\/types\/page"}],"author":[{"embeddable":true,"href":"https:\/\/nomverify.com\/fr\/wp-json\/wp\/v2\/users\/9"}],"replies":[{"embeddable":true,"href":"https:\/\/nomverify.com\/fr\/wp-json\/wp\/v2\/comments?post=9894"}],"version-history":[{"count":0,"href":"https:\/\/nomverify.com\/fr\/wp-json\/wp\/v2\/pages\/9894\/revisions"}],"wp:attachment":[{"href":"https:\/\/nomverify.com\/fr\/wp-json\/wp\/v2\/media?parent=9894"}],"curies":[{"name":"wp","href":"https:\/\/api.w.org\/{rel}","templated":true}]}}