{"id":9891,"date":"2024-06-04T15:24:29","date_gmt":"2024-06-04T20:24:29","guid":{"rendered":"https:\/\/nomverify.com\/contactez-nous\/"},"modified":"2024-06-19T14:30:11","modified_gmt":"2024-06-19T19:30:11","slug":"contactez-nous","status":"publish","type":"page","link":"https:\/\/nomverify.com\/fr\/contactez-nous\/","title":{"rendered":"Contactez-nous \u00e0 l&rsquo;adresse suivante"},"content":{"rendered":"<div class=\"wpb-content-wrapper\"><p>[vc_row full_width=\u00a0\u00bbstretch_row\u00a0\u00bb gap=\u00a0\u00bb15&Prime; content_placement=\u00a0\u00bbmiddle\u00a0\u00bb mobile_bg_img_hidden=\u00a0\u00bbno\u00a0\u00bb tablet_bg_img_hidden=\u00a0\u00bbno\u00a0\u00bb woodmart_parallax=\u00a0\u00bb0&Prime; woodmart_gradient_switch=\u00a0\u00bbno\u00a0\u00bb row_reverse_mobile=\u00a0\u00bb0&Prime; row_reverse_tablet=\u00a0\u00bb0&Prime; woodmart_disable_overflow=\u00a0\u00bb0&Prime; css=\u00a0\u00bb.vc_custom_1626399497722{margin-top: -40px !important;margin-bottom: -40px !important;background-color: #4171a5 !important;}\u00a0\u00bb][vc_column][vc_row_inner][vc_column_inner width=\u00a0\u00bb1\/2&Prime;]\n\t\t<div id=\"wd-60ef7d202fa49\" class=\"title-wrapper wd-wpb wd-set-mb reset-last-child  wd-rs-60ef7d202fa49 wd-title-color-white wd-title-style-default text-left wd-off-anim wpb_animate_when_almost_visible wpb_fadeInLeft fadeInLeft wd-anim-name_fadeInLeft  wd-underline-colored\">\n\t\t\t\n\t\t\t<div class=\"liner-continer\">\n\t\t\t\t<h4 class=\"woodmart-title-container title  wd-font-weight-700 wd-fontsize-xxxl\" >Contactez-nous \u00e0 l'adresse suivante<\/h4>\n\t\t\t\t\t\t\t<\/div>\n\t\t\t\n\t\t\t\n\t\t\t\n\t\t<\/div>\n\t\t\n\t\t[vc_separator color=\u00a0\u00bbcustom\u00a0\u00bb align=\u00a0\u00bbalign_left\u00a0\u00bb border_width=\u00a0\u00bb2&Prime; el_width=\u00a0\u00bb30&Prime; accent_color=\u00a0\u00bb#d46740&Prime;]\t\t\t<div id=\"wd-60ef73aa95d44\" class=\"wd-text-block-wrapper wd-wpb wd-rs-60ef73aa95d44 color-scheme-light text-left \">\n\t\t\t\t<div class=\"woodmart-title-container woodmart-text-block reset-last-child font-primary wd-font-weight- wd-fontsize-m\">\n\t\t\t\t\t<strong>Gagnez du temps, notre service est s\u00fbr, facile et 100% fiable !<\/strong><\/p>\n<ul>\n<li>Nous comprenons les enjeux actuels.<\/li>\n<li>Nous rationalisons les processus pour optimiser le temps et les ressources. Des soins efficaces et continus.<\/li>\n<\/ul>\n<p><strong>Nationales<\/strong><\/p>\n<ul>\n<li>Nous comprenons les enjeux actuels<\/li>\n<li>Nous rationalisons les processus pour optimiser le temps et les ressources. Des soins efficaces et continus.<\/li>\n<\/ul>\n<p><strong> Importateurs<\/strong><\/p>\n<ul>\n<li>Acc\u00e9l\u00e9rez votre processus.<\/li>\n<li>Document officiel ent\u00e9rinant la NOM applicable.<\/li>\n<\/ul>\n<p>\t\t\t\t<\/div>\n\n\t\t\t\t\t\t\t<\/div>\n\t\t[\/vc_column_inner][vc_column_inner width=\u00a0\u00bb1\/2&Prime;][vc_raw_html]W2ZsdWVudGZvcm0gaWQ9IjMiXQ==[\/vc_raw_html][\/vc_column_inner][\/vc_row_inner][\/vc_column][\/vc_row]<\/p>\n<\/div>","protected":false},"excerpt":{"rendered":"<p>[vc_row full_width=\u00a0\u00bbstretch_row\u00a0\u00bb gap=\u00a0\u00bb15&Prime; content_placement=\u00a0\u00bbmiddle\u00a0\u00bb mobile_bg_img_hidden=\u00a0\u00bbno\u00a0\u00bb tablet_bg_img_hidden=\u00a0\u00bbno\u00a0\u00bb woodmart_parallax=\u00a0\u00bb0&Prime; woodmart_gradient_switch=\u00a0\u00bbno\u00a0\u00bb row_reverse_mobile=\u00a0\u00bb0&Prime; row_reverse_tablet=\u00a0\u00bb0&Prime; woodmart_disable_overflow=\u00a0\u00bb0&Prime; css=\u00a0\u00bb.vc_custom_1626399497722{margin-top: -40px !important;margin-bottom: -40px !important;background-color: #4171a5 !important;}\u00a0\u00bb][vc_column][vc_row_inner][vc_column_inner width=\u00a0\u00bb1\/2&Prime;][vc_separator color=\u00a0\u00bbcustom\u00a0\u00bb<\/p>\n","protected":false},"author":9,"featured_media":0,"parent":0,"menu_order":0,"comment_status":"closed","ping_status":"closed","template":"","meta":{"footnotes":""},"class_list":["post-9891","page","type-page","status-publish","hentry"],"yoast_head":"<!-- This site is optimized with the Yoast SEO plugin v27.3 - https:\/\/yoast.com\/product\/yoast-seo-wordpress\/ -->\n<title>Contactez-nous \u00e0 l&#039;adresse suivante - Nomverify M\u00e9xico<\/title>\n<meta name=\"robots\" content=\"index, follow, max-snippet:-1, max-image-preview:large, max-video-preview:-1\" \/>\n<link rel=\"canonical\" href=\"https:\/\/nomverify.com\/fr\/contactez-nous\/\" \/>\n<meta property=\"og:locale\" content=\"fr_FR\" \/>\n<meta property=\"og:type\" content=\"article\" \/>\n<meta property=\"og:title\" content=\"Contactez-nous \u00e0 l&#039;adresse suivante - Nomverify M\u00e9xico\" \/>\n<meta property=\"og:description\" content=\"[vc_row full_width=\u00a0\u00bbstretch_row\u00a0\u00bb gap=\u00a0\u00bb15&Prime; content_placement=\u00a0\u00bbmiddle\u00a0\u00bb mobile_bg_img_hidden=\u00a0\u00bbno\u00a0\u00bb tablet_bg_img_hidden=\u00a0\u00bbno\u00a0\u00bb woodmart_parallax=\u00a0\u00bb0&Prime; woodmart_gradient_switch=\u00a0\u00bbno\u00a0\u00bb row_reverse_mobile=\u00a0\u00bb0&Prime; row_reverse_tablet=\u00a0\u00bb0&Prime; woodmart_disable_overflow=\u00a0\u00bb0&Prime; css=\u00a0\u00bb.vc_custom_1626399497722{margin-top: -40px !important;margin-bottom: -40px !important;background-color: #4171a5 !important;}\u00a0\u00bb][vc_column][vc_row_inner][vc_column_inner width=\u00a0\u00bb1\/2&Prime;][vc_separator color=\u00a0\u00bbcustom\u00a0\u00bb\" \/>\n<meta property=\"og:url\" content=\"https:\/\/nomverify.com\/fr\/contactez-nous\/\" \/>\n<meta property=\"og:site_name\" content=\"Nomverify M\u00e9xico\" \/>\n<meta property=\"article:publisher\" content=\"https:\/\/www.facebook.com\/NomverifyMexico\" \/>\n<meta property=\"article:modified_time\" content=\"2024-06-19T19:30:11+00:00\" \/>\n<meta name=\"twitter:card\" content=\"summary_large_image\" \/>\n<script type=\"application\/ld+json\" class=\"yoast-schema-graph\">{\"@context\":\"https:\\\/\\\/schema.org\",\"@graph\":[{\"@type\":\"WebPage\",\"@id\":\"https:\\\/\\\/nomverify.com\\\/fr\\\/contactez-nous\\\/\",\"url\":\"https:\\\/\\\/nomverify.com\\\/fr\\\/contactez-nous\\\/\",\"name\":\"Contactez-nous \u00e0 l'adresse suivante - Nomverify M\u00e9xico\",\"isPartOf\":{\"@id\":\"https:\\\/\\\/nomverify.com\\\/fr\\\/#website\"},\"datePublished\":\"2024-06-04T20:24:29+00:00\",\"dateModified\":\"2024-06-19T19:30:11+00:00\",\"inLanguage\":\"fr-FR\",\"potentialAction\":[{\"@type\":\"ReadAction\",\"target\":[\"https:\\\/\\\/nomverify.com\\\/fr\\\/contactez-nous\\\/\"]}]},{\"@type\":\"WebSite\",\"@id\":\"https:\\\/\\\/nomverify.com\\\/fr\\\/#website\",\"url\":\"https:\\\/\\\/nomverify.com\\\/fr\\\/\",\"name\":\"Nomverify M\u00e9xico\",\"description\":\"Unidad de Inspecci\u00f3n Acreditada UVA en M\u00e9xico\",\"publisher\":{\"@id\":\"https:\\\/\\\/nomverify.com\\\/fr\\\/#organization\"},\"potentialAction\":[{\"@type\":\"SearchAction\",\"target\":{\"@type\":\"EntryPoint\",\"urlTemplate\":\"https:\\\/\\\/nomverify.com\\\/fr\\\/?s={search_term_string}\"},\"query-input\":{\"@type\":\"PropertyValueSpecification\",\"valueRequired\":true,\"valueName\":\"search_term_string\"}}],\"inLanguage\":\"fr-FR\"},{\"@type\":\"Organization\",\"@id\":\"https:\\\/\\\/nomverify.com\\\/fr\\\/#organization\",\"name\":\"NOMVERIFY M\u00c9XICO SC\",\"alternateName\":\"NOMVERIFY\",\"url\":\"https:\\\/\\\/nomverify.com\\\/fr\\\/\",\"logo\":{\"@type\":\"ImageObject\",\"inLanguage\":\"fr-FR\",\"@id\":\"https:\\\/\\\/nomverify.com\\\/fr\\\/#\\\/schema\\\/logo\\\/image\\\/\",\"url\":\"https:\\\/\\\/nomverify.com\\\/wp-content\\\/uploads\\\/2023\\\/03\\\/Logo-NOMVERIFY-02.png\",\"contentUrl\":\"https:\\\/\\\/nomverify.com\\\/wp-content\\\/uploads\\\/2023\\\/03\\\/Logo-NOMVERIFY-02.png\",\"width\":1816,\"height\":418,\"caption\":\"NOMVERIFY M\u00c9XICO SC\"},\"image\":{\"@id\":\"https:\\\/\\\/nomverify.com\\\/fr\\\/#\\\/schema\\\/logo\\\/image\\\/\"},\"sameAs\":[\"https:\\\/\\\/www.facebook.com\\\/NomverifyMexico\",\"https:\\\/\\\/www.instagram.com\\\/nomverify_mx\\\/\"]}]}<\/script>\n<!-- \/ Yoast SEO plugin. -->","yoast_head_json":{"title":"Contactez-nous \u00e0 l'adresse suivante - Nomverify M\u00e9xico","robots":{"index":"index","follow":"follow","max-snippet":"max-snippet:-1","max-image-preview":"max-image-preview:large","max-video-preview":"max-video-preview:-1"},"canonical":"https:\/\/nomverify.com\/fr\/contactez-nous\/","og_locale":"fr_FR","og_type":"article","og_title":"Contactez-nous \u00e0 l'adresse suivante - Nomverify M\u00e9xico","og_description":"[vc_row full_width=\u00a0\u00bbstretch_row\u00a0\u00bb gap=\u00a0\u00bb15&Prime; content_placement=\u00a0\u00bbmiddle\u00a0\u00bb mobile_bg_img_hidden=\u00a0\u00bbno\u00a0\u00bb tablet_bg_img_hidden=\u00a0\u00bbno\u00a0\u00bb woodmart_parallax=\u00a0\u00bb0&Prime; woodmart_gradient_switch=\u00a0\u00bbno\u00a0\u00bb row_reverse_mobile=\u00a0\u00bb0&Prime; row_reverse_tablet=\u00a0\u00bb0&Prime; woodmart_disable_overflow=\u00a0\u00bb0&Prime; css=\u00a0\u00bb.vc_custom_1626399497722{margin-top: -40px !important;margin-bottom: -40px !important;background-color: #4171a5 !important;}\u00a0\u00bb][vc_column][vc_row_inner][vc_column_inner width=\u00a0\u00bb1\/2&Prime;][vc_separator color=\u00a0\u00bbcustom\u00a0\u00bb","og_url":"https:\/\/nomverify.com\/fr\/contactez-nous\/","og_site_name":"Nomverify M\u00e9xico","article_publisher":"https:\/\/www.facebook.com\/NomverifyMexico","article_modified_time":"2024-06-19T19:30:11+00:00","twitter_card":"summary_large_image","schema":{"@context":"https:\/\/schema.org","@graph":[{"@type":"WebPage","@id":"https:\/\/nomverify.com\/fr\/contactez-nous\/","url":"https:\/\/nomverify.com\/fr\/contactez-nous\/","name":"Contactez-nous \u00e0 l'adresse suivante - Nomverify M\u00e9xico","isPartOf":{"@id":"https:\/\/nomverify.com\/fr\/#website"},"datePublished":"2024-06-04T20:24:29+00:00","dateModified":"2024-06-19T19:30:11+00:00","inLanguage":"fr-FR","potentialAction":[{"@type":"ReadAction","target":["https:\/\/nomverify.com\/fr\/contactez-nous\/"]}]},{"@type":"WebSite","@id":"https:\/\/nomverify.com\/fr\/#website","url":"https:\/\/nomverify.com\/fr\/","name":"Nomverify M\u00e9xico","description":"Unidad de Inspecci\u00f3n Acreditada UVA en M\u00e9xico","publisher":{"@id":"https:\/\/nomverify.com\/fr\/#organization"},"potentialAction":[{"@type":"SearchAction","target":{"@type":"EntryPoint","urlTemplate":"https:\/\/nomverify.com\/fr\/?s={search_term_string}"},"query-input":{"@type":"PropertyValueSpecification","valueRequired":true,"valueName":"search_term_string"}}],"inLanguage":"fr-FR"},{"@type":"Organization","@id":"https:\/\/nomverify.com\/fr\/#organization","name":"NOMVERIFY M\u00c9XICO SC","alternateName":"NOMVERIFY","url":"https:\/\/nomverify.com\/fr\/","logo":{"@type":"ImageObject","inLanguage":"fr-FR","@id":"https:\/\/nomverify.com\/fr\/#\/schema\/logo\/image\/","url":"https:\/\/nomverify.com\/wp-content\/uploads\/2023\/03\/Logo-NOMVERIFY-02.png","contentUrl":"https:\/\/nomverify.com\/wp-content\/uploads\/2023\/03\/Logo-NOMVERIFY-02.png","width":1816,"height":418,"caption":"NOMVERIFY M\u00c9XICO SC"},"image":{"@id":"https:\/\/nomverify.com\/fr\/#\/schema\/logo\/image\/"},"sameAs":["https:\/\/www.facebook.com\/NomverifyMexico","https:\/\/www.instagram.com\/nomverify_mx\/"]}]}},"amp_enabled":true,"_links":{"self":[{"href":"https:\/\/nomverify.com\/fr\/wp-json\/wp\/v2\/pages\/9891","targetHints":{"allow":["GET"]}}],"collection":[{"href":"https:\/\/nomverify.com\/fr\/wp-json\/wp\/v2\/pages"}],"about":[{"href":"https:\/\/nomverify.com\/fr\/wp-json\/wp\/v2\/types\/page"}],"author":[{"embeddable":true,"href":"https:\/\/nomverify.com\/fr\/wp-json\/wp\/v2\/users\/9"}],"replies":[{"embeddable":true,"href":"https:\/\/nomverify.com\/fr\/wp-json\/wp\/v2\/comments?post=9891"}],"version-history":[{"count":0,"href":"https:\/\/nomverify.com\/fr\/wp-json\/wp\/v2\/pages\/9891\/revisions"}],"wp:attachment":[{"href":"https:\/\/nomverify.com\/fr\/wp-json\/wp\/v2\/media?parent=9891"}],"curies":[{"name":"wp","href":"https:\/\/api.w.org\/{rel}","templated":true}]}}