{"id":9752,"date":"2024-06-04T13:08:23","date_gmt":"2024-06-04T18:08:23","guid":{"rendered":"https:\/\/nomverify.com\/postes-vacants\/"},"modified":"2024-06-19T14:32:32","modified_gmt":"2024-06-19T19:32:32","slug":"postes-vacants","status":"publish","type":"page","link":"https:\/\/nomverify.com\/fr\/postes-vacants\/","title":{"rendered":"Offres d&#8217;emploi"},"content":{"rendered":"<div class=\"wpb-content-wrapper\"><p>[vc_row][vc_column]\n\t\t\t<div id=\"carousel-762\" class=\"wd-carousel-container banners-carousel-wrapper   wd-rs-69e4e64d291a3\">\n\t\t\t\t<div class=\"wd-carousel-inner\">\n\t\t\t\t\t<div class=\"wd-carousel wd-grid banners-carousel \" data-scroll_per_page=\"yes\" style=\"--wd-col-lg:1;--wd-col-md:1;--wd-col-sm:1;--wd-gap-lg:30px;--wd-gap-sm:10px;\">\n\t\t\t\t\t\t<div class=\"wd-carousel-wrap\">\n\t\t\t\t\t\t\t\t\t<div class=\"promo-banner-wrapper  wd-rs-662be589b7dc6  wd-carousel-item\">\n\t\t\t<div id=\"wd-662be589b7dc6\" class=\"promo-banner  banner-shadow banner-hover-zoom color-scheme-light banner-btn-size-default banner-btn-style-default wd-off-anim wpb_animate_when_almost_visible wpb_fadeInDown fadeInDown wd-anim-name_fadeInDown  wd-underline-colored\">\n\t\t\t\t<div class=\"main-wrapp-img\">\n\t\t\t\t\t<div class=\"banner-image wd-bg-position-center\" >\n\t\t\t\t\t\t\t\t\t\t\t<\/div>\n\t\t\t\t<\/div>\n\n\t\t\t\t<div class=\"wrapper-content-banner wd-fill  wd-items-top wd-justify-left\">\n\t\t\t\t\t<div class=\"content-banner  text-left\">\n\t\t\t\t\t\t\t\t\t\t\t\t\n\t\t\t\t\t\t\n\t\t\t\t\t\t\t\t\t\t\t<\/div>\n\t\t\t\t<\/div>\n\n\t\t\t\t\n\t\t\t\t\t\t\t<\/div>\n\t\t<\/div>\n\n\t\t\t\t\t\t\t\t<\/div>\n\t\t\t\t\t<\/div>\n\n\t\t\t\t\t\t\t\t\t\t\t\t\t<div class=\"wd-nav-arrows wd-pos-sep wd-hover-1 wd-icon-1\">\n\t\t\t<div class=\"wd-btn-arrow wd-prev wd-disabled\">\n\t\t\t\t<div class=\"wd-arrow-inner\"><\/div>\n\t\t\t<\/div>\n\t\t\t<div class=\"wd-btn-arrow wd-next\">\n\t\t\t\t<div class=\"wd-arrow-inner\"><\/div>\n\t\t\t<\/div>\n\t\t<\/div>\n\t\t\t\t\t\t\t\t\t\t\t<\/div>\n\n\t\t\t\t\t\t<div class=\"wd-nav-pagin-wrap text-center wd-style-shape wd-hide-md-sm wd-hide-sm\">\n\t\t\t<ul class=\"wd-nav-pagin\"><\/ul>\n\t\t<\/div>\n\t\t\t\t\t\t\t\t\t<\/div>\n\n\t\t[\/vc_column][\/vc_row][vc_row][vc_column][vc_empty_space woodmart_hide_large=\u00a0\u00bb0&Prime; woodmart_hide_medium=\u00a0\u00bb0&Prime; woodmart_hide_small=\u00a0\u00bb0&Prime; woodmart_hide_extra_small=\u00a0\u00bb0&Prime;][\/vc_column][\/vc_row][vc_row parallax=\u00a0\u00bbcontent-moving-fade\u00a0\u00bb parallax_speed_bg=\u00a0\u00bb2&Prime; mobile_bg_img_hidden=\u00a0\u00bbno\u00a0\u00bb tablet_bg_img_hidden=\u00a0\u00bbno\u00a0\u00bb woodmart_parallax=\u00a0\u00bb0&Prime; woodmart_gradient_switch=\u00a0\u00bbno\u00a0\u00bb row_reverse_mobile=\u00a0\u00bb0&Prime; row_reverse_tablet=\u00a0\u00bb0&Prime; woodmart_disable_overflow=\u00a0\u00bb0&Prime;][vc_column mobile_bg_img_hidden=\u00a0\u00bbno\u00a0\u00bb tablet_bg_img_hidden=\u00a0\u00bbno\u00a0\u00bb woodmart_parallax=\u00a0\u00bb0&Prime; woodmart_sticky_column=\u00a0\u00bbfalse\u00a0\u00bb parallax_scroll=\u00a0\u00bbno\u00a0\u00bb mobile_reset_margin=\u00a0\u00bbno\u00a0\u00bb tablet_reset_margin=\u00a0\u00bbno\u00a0\u00bb]\t\t\t<div class=\"info-box-wrapper\">\n\t\t\t\t<div id=\"wd-662be630e8b74\" class=\" wd-rs-662be630e8b74 wd-info-box wd-wpb text-center box-icon-align-top box-style- color-scheme- wd-bg-none wd-off-anim wpb_animate_when_almost_visible wpb_fadeInDown fadeInDown wd-anim-name_fadeInDown \">\n\t\t\t\t\t\t\t\t\t\t<div class=\"info-box-content\">\n\t\t\t\t\t\t<h1 class=\"info-box-title title wd-font-weight-700 box-title-style-default wd-fontsize-xxl\">Rejoignez notre \u00e9quipe<\/h1>\t\t\t\t\t\t<div class=\"info-box-inner reset-last-child\"><\/div>\n\n\t\t\t\t\t\t\t\t\t\t\t<\/div>\n\n\t\t\t\t\t\n\t\t\t\t\t<style><\/style>\t\t\t\t<\/div>\n\t\t\t<\/div>\n\t\t[\/vc_column][\/vc_row][vc_row][vc_column width=\u00a0\u00bb1\/2&Prime;]\t\t\t<div class=\"info-box-wrapper\">\n\t\t\t\t<div id=\"wd-631b71e9cba5a\" class=\" wd-rs-631b71e9cba5a wd-info-box wd-wpb text-center box-icon-align-top box-style- color-scheme- wd-bg-none \">\n\t\t\t\t\t\t\t\t\t\t\t<div class=\"box-icon-wrapper  box-with-icon box-icon-simple\">\n\t\t\t\t\t\t\t<div class=\"info-box-icon\">\n\t\t\t\t\t\t\t\t<img loading=\"lazy\" decoding=\"async\" width=\"400\" height=\"301\" src=\"https:\/\/nomverify.com\/wp-content\/uploads\/Colaborador-02.png\" class=\"attachment-800x600 size-800x600\" alt=\"\" srcset=\"https:\/\/nomverify.com\/wp-content\/uploads\/Colaborador-02.png 400w, https:\/\/nomverify.com\/wp-content\/uploads\/Colaborador-02-300x226.png 300w\" sizes=\"auto, (max-width: 400px) 100vw, 400px\" \/>\t\t\t\t\t\t\t<\/div>\n\t\t\t\t\t\t<\/div>\n\t\t\t\t\t\t\t\t\t\t<div class=\"info-box-content\">\n\t\t\t\t\t\t<h2 class=\"info-box-title title wd-font-weight-700 box-title-style-default wd-fontsize-xl\">\u00c9quipe de collaborateurs<\/h2>\t\t\t\t\t\t<div class=\"info-box-inner reset-last-child\"><p>Nous sommes une \u00e9quipe pluridisciplinaire qui favorise le d\u00e9veloppement humain et durable de tous ses collaborateurs. Nous cherchons \u00e0 nous d\u00e9velopper en tant qu&rsquo;entreprise 100% mexicaine avec nos employ\u00e9s en enrichissant le d\u00e9veloppement personnel et professionnel de chaque membre de notre \u00e9quipe.<\/p>\n<\/div>\n\n\t\t\t\t\t\t\t\t\t\t\t<\/div>\n\n\t\t\t\t\t\n\t\t\t\t\t\t\t\t\t<\/div>\n\t\t\t<\/div>\n\t\t[\/vc_column][vc_column width=\u00a0\u00bb1\/2&Prime;]\t\t\t<div class=\"info-box-wrapper\">\n\t\t\t\t<div id=\"wd-631b8d698656f\" class=\" wd-rs-631b8d698656f wd-info-box wd-wpb text-center box-icon-align-top box-style- color-scheme- wd-bg-none \">\n\t\t\t\t\t\t\t\t\t\t\t<div class=\"box-icon-wrapper  box-with-icon box-icon-simple\">\n\t\t\t\t\t\t\t<div class=\"info-box-icon\">\n\t\t\t\t\t\t\t\t<img loading=\"lazy\" decoding=\"async\" width=\"400\" height=\"301\" src=\"https:\/\/nomverify.com\/wp-content\/uploads\/becarios-02.png\" class=\"attachment-800x600 size-800x600\" alt=\"\" srcset=\"https:\/\/nomverify.com\/wp-content\/uploads\/becarios-02.png 400w, https:\/\/nomverify.com\/wp-content\/uploads\/becarios-02-300x226.png 300w\" sizes=\"auto, (max-width: 400px) 100vw, 400px\" \/>\t\t\t\t\t\t\t<\/div>\n\t\t\t\t\t\t<\/div>\n\t\t\t\t\t\t\t\t\t\t<div class=\"info-box-content\">\n\t\t\t\t\t\t<h2 class=\"info-box-title title wd-font-weight-700 box-title-style-default wd-fontsize-xl\">\u00c9quipe de boursiers<\/h2>\t\t\t\t\t\t<div class=\"info-box-inner reset-last-child\"><p>Enrichissez vos \u00e9tudes professionnelles en mettant en pratique et en acqu\u00e9rant de nouvelles connaissances dans le domaine qui vous passionne.<\/p>\n<\/div>\n\n\t\t\t\t\t\t\t\t\t\t\t<\/div>\n\n\t\t\t\t\t\n\t\t\t\t\t\t\t\t\t<\/div>\n\t\t\t<\/div>\n\t\t[\/vc_column][\/vc_row][vc_row][vc_column][vc_empty_space woodmart_hide_large=\u00a0\u00bb0&Prime; woodmart_hide_medium=\u00a0\u00bb0&Prime; woodmart_hide_small=\u00a0\u00bb0&Prime; woodmart_hide_extra_small=\u00a0\u00bb0&Prime;][\/vc_column][\/vc_row][vc_section full_width=\u00a0\u00bbstretch_row\u00a0\u00bb css=\u00a0\u00bb.vc_custom_1662680501392{background-color: #013c57 !important;}\u00a0\u00bb mobile_bg_img_hidden=\u00a0\u00bbno\u00a0\u00bb tablet_bg_img_hidden=\u00a0\u00bbno\u00a0\u00bb woodmart_parallax=\u00a0\u00bb0&Prime; woodmart_gradient_switch=\u00a0\u00bbno\u00a0\u00bb woodmart_disable_overflow=\u00a0\u00bb0&Prime;][vc_row mobile_bg_img_hidden=\u00a0\u00bbno\u00a0\u00bb tablet_bg_img_hidden=\u00a0\u00bbno\u00a0\u00bb woodmart_parallax=\u00a0\u00bb0&Prime; woodmart_gradient_switch=\u00a0\u00bbno\u00a0\u00bb row_reverse_mobile=\u00a0\u00bb0&Prime; row_reverse_tablet=\u00a0\u00bb0&Prime; woodmart_disable_overflow=\u00a0\u00bb0&Prime;][vc_column][vc_empty_space woodmart_hide_large=\u00a0\u00bb0&Prime; woodmart_hide_medium=\u00a0\u00bb0&Prime; woodmart_hide_small=\u00a0\u00bb0&Prime; woodmart_hide_extra_small=\u00a0\u00bb0&Prime;]\t\t\t<div class=\"info-box-wrapper\">\n\t\t\t\t<div id=\"wd-64ff5089dd6e4\" class=\" wd-rs-64ff5089dd6e4 wd-info-box wd-wpb text-center box-icon-align-top box-style- color-scheme-light wd-bg-none with-btn box-btn-static \">\n\t\t\t\t\t\t\t\t\t\t<div class=\"info-box-content\">\n\t\t\t\t\t\t<h2 class=\"info-box-title title box-title-style-default wd-fontsize-xl\">Envoyez votre curriculum vitae \u00e0 notre d\u00e9partement des ressources humaines.<\/h2>\t\t\t\t\t\t<div class=\"info-box-inner reset-last-child\"><\/div>\n\n\t\t\t\t\t\t<div class=\"info-btn-wrapper\"><div id=\"wd-69e4e64d2b684\" class=\"  wd-button-wrapper text-center\"><a href=\"mailto:recursoshumanos@nomverify.com?bcc=contacto.nomverify@gmail%20interesa%\" title=\"\" class=\"btn btn-color-white btn-style-link btn-shape-rectangle btn-size-extra-large\">recursoshumanos@nomverify.com<\/a><\/div><\/div>\t\t\t\t\t<\/div>\n\n\t\t\t\t\t\n\t\t\t\t\t<style>#wd-64ff5089dd6e4 .info-box-subtitle{background-color:  !important;}<\/style>\t\t\t\t<\/div>\n\t\t\t<\/div>\n\t\t\t\t\t<div class=\"info-box-wrapper\">\n\t\t\t\t<div id=\"wd-631bb5e439903\" class=\" wd-rs-631bb5e439903 wd-info-box wd-wpb text-left box-icon-align-top box-style- color-scheme- wd-bg-none \">\n\t\t\t\t\t\t\t\t\t\t<div class=\"info-box-content\">\n\t\t\t\t\t\t<h4 class=\"info-box-title title wd-font-weight-600 box-title-style-default wd-fontsize-xl\">Postuler \u00e0 un poste vacant<\/h4>\t\t\t\t\t\t<div class=\"info-box-inner reset-last-child\"><\/div>\n\n\t\t\t\t\t\t\t\t\t\t\t<\/div>\n\n\t\t\t\t\t\n\t\t\t\t\t<style><\/style>\t\t\t\t<\/div>\n\t\t\t<\/div>\n\t\t[vc_raw_html]W2ZsdWVudGZvcm0gaWQ9IjUiXQ==[\/vc_raw_html][\/vc_column][\/vc_row][\/vc_section][vc_row][vc_column][\/vc_column][\/vc_row]<\/p>\n<\/div>","protected":false},"excerpt":{"rendered":"<p>[vc_row][vc_column][\/vc_column][\/vc_row][vc_row][vc_column][vc_empty_space woodmart_hide_large=\u00a0\u00bb0&Prime; woodmart_hide_medium=\u00a0\u00bb0&Prime; woodmart_hide_small=\u00a0\u00bb0&Prime; woodmart_hide_extra_small=\u00a0\u00bb0&Prime;][\/vc_column][\/vc_row][vc_row parallax=\u00a0\u00bbcontent-moving-fade\u00a0\u00bb parallax_speed_bg=\u00a0\u00bb2&Prime; mobile_bg_img_hidden=\u00a0\u00bbno\u00a0\u00bb tablet_bg_img_hidden=\u00a0\u00bbno\u00a0\u00bb woodmart_parallax=\u00a0\u00bb0&Prime; woodmart_gradient_switch=\u00a0\u00bbno\u00a0\u00bb row_reverse_mobile=\u00a0\u00bb0&Prime; row_reverse_tablet=\u00a0\u00bb0&Prime; woodmart_disable_overflow=\u00a0\u00bb0&Prime;][vc_column mobile_bg_img_hidden=\u00a0\u00bbno\u00a0\u00bb tablet_bg_img_hidden=\u00a0\u00bbno\u00a0\u00bb woodmart_parallax=\u00a0\u00bb0&Prime; woodmart_sticky_column=\u00a0\u00bbfalse\u00a0\u00bb parallax_scroll=\u00a0\u00bbno\u00a0\u00bb mobile_reset_margin=\u00a0\u00bbno\u00a0\u00bb<\/p>\n","protected":false},"author":4,"featured_media":0,"parent":0,"menu_order":0,"comment_status":"closed","ping_status":"closed","template":"","meta":{"footnotes":""},"class_list":["post-9752","page","type-page","status-publish","hentry"],"yoast_head":"<!-- This site is optimized with the Yoast SEO plugin v27.3 - https:\/\/yoast.com\/product\/yoast-seo-wordpress\/ -->\n<title>Offres d&#039;emploi - Nomverify M\u00e9xico<\/title>\n<meta name=\"description\" content=\"Enrichissez votre performance professionnelle en mettant en pratique et en acqu\u00e9rant de nouvelles connaissances dans le domaine qui vous passionne le plus !\" \/>\n<meta name=\"robots\" content=\"index, follow, max-snippet:-1, max-image-preview:large, max-video-preview:-1\" \/>\n<link rel=\"canonical\" href=\"https:\/\/nomverify.com\/fr\/postes-vacants\/\" \/>\n<meta property=\"og:locale\" content=\"fr_FR\" \/>\n<meta property=\"og:type\" content=\"article\" \/>\n<meta property=\"og:title\" content=\"Offres d&#039;emploi - Nomverify M\u00e9xico\" \/>\n<meta property=\"og:description\" content=\"Enrichissez votre performance professionnelle en mettant en pratique et en acqu\u00e9rant de nouvelles connaissances dans le domaine qui vous passionne le plus !\" \/>\n<meta property=\"og:url\" content=\"https:\/\/nomverify.com\/fr\/postes-vacants\/\" \/>\n<meta property=\"og:site_name\" content=\"Nomverify M\u00e9xico\" \/>\n<meta property=\"article:publisher\" content=\"https:\/\/www.facebook.com\/NomverifyMexico\" \/>\n<meta property=\"article:modified_time\" content=\"2024-06-19T19:32:32+00:00\" \/>\n<meta name=\"twitter:card\" content=\"summary_large_image\" \/>\n<script type=\"application\/ld+json\" class=\"yoast-schema-graph\">{\"@context\":\"https:\\\/\\\/schema.org\",\"@graph\":[{\"@type\":\"WebPage\",\"@id\":\"https:\\\/\\\/nomverify.com\\\/fr\\\/postes-vacants\\\/\",\"url\":\"https:\\\/\\\/nomverify.com\\\/fr\\\/postes-vacants\\\/\",\"name\":\"Offres d'emploi - Nomverify M\u00e9xico\",\"isPartOf\":{\"@id\":\"https:\\\/\\\/nomverify.com\\\/fr\\\/#website\"},\"datePublished\":\"2024-06-04T18:08:23+00:00\",\"dateModified\":\"2024-06-19T19:32:32+00:00\",\"description\":\"Enrichissez votre performance professionnelle en mettant en pratique et en acqu\u00e9rant de nouvelles connaissances dans le domaine qui vous passionne le plus !\",\"inLanguage\":\"fr-FR\",\"potentialAction\":[{\"@type\":\"ReadAction\",\"target\":[\"https:\\\/\\\/nomverify.com\\\/fr\\\/postes-vacants\\\/\"]}]},{\"@type\":\"WebSite\",\"@id\":\"https:\\\/\\\/nomverify.com\\\/fr\\\/#website\",\"url\":\"https:\\\/\\\/nomverify.com\\\/fr\\\/\",\"name\":\"Nomverify M\u00e9xico\",\"description\":\"Unidad de Inspecci\u00f3n Acreditada UVA en M\u00e9xico\",\"publisher\":{\"@id\":\"https:\\\/\\\/nomverify.com\\\/fr\\\/#organization\"},\"potentialAction\":[{\"@type\":\"SearchAction\",\"target\":{\"@type\":\"EntryPoint\",\"urlTemplate\":\"https:\\\/\\\/nomverify.com\\\/fr\\\/?s={search_term_string}\"},\"query-input\":{\"@type\":\"PropertyValueSpecification\",\"valueRequired\":true,\"valueName\":\"search_term_string\"}}],\"inLanguage\":\"fr-FR\"},{\"@type\":\"Organization\",\"@id\":\"https:\\\/\\\/nomverify.com\\\/fr\\\/#organization\",\"name\":\"NOMVERIFY M\u00c9XICO SC\",\"alternateName\":\"NOMVERIFY\",\"url\":\"https:\\\/\\\/nomverify.com\\\/fr\\\/\",\"logo\":{\"@type\":\"ImageObject\",\"inLanguage\":\"fr-FR\",\"@id\":\"https:\\\/\\\/nomverify.com\\\/fr\\\/#\\\/schema\\\/logo\\\/image\\\/\",\"url\":\"https:\\\/\\\/nomverify.com\\\/wp-content\\\/uploads\\\/2023\\\/03\\\/Logo-NOMVERIFY-02.png\",\"contentUrl\":\"https:\\\/\\\/nomverify.com\\\/wp-content\\\/uploads\\\/2023\\\/03\\\/Logo-NOMVERIFY-02.png\",\"width\":1816,\"height\":418,\"caption\":\"NOMVERIFY M\u00c9XICO SC\"},\"image\":{\"@id\":\"https:\\\/\\\/nomverify.com\\\/fr\\\/#\\\/schema\\\/logo\\\/image\\\/\"},\"sameAs\":[\"https:\\\/\\\/www.facebook.com\\\/NomverifyMexico\",\"https:\\\/\\\/www.instagram.com\\\/nomverify_mx\\\/\"]}]}<\/script>\n<!-- \/ Yoast SEO plugin. -->","yoast_head_json":{"title":"Offres d'emploi - Nomverify M\u00e9xico","description":"Enrichissez votre performance professionnelle en mettant en pratique et en acqu\u00e9rant de nouvelles connaissances dans le domaine qui vous passionne le plus !","robots":{"index":"index","follow":"follow","max-snippet":"max-snippet:-1","max-image-preview":"max-image-preview:large","max-video-preview":"max-video-preview:-1"},"canonical":"https:\/\/nomverify.com\/fr\/postes-vacants\/","og_locale":"fr_FR","og_type":"article","og_title":"Offres d'emploi - Nomverify M\u00e9xico","og_description":"Enrichissez votre performance professionnelle en mettant en pratique et en acqu\u00e9rant de nouvelles connaissances dans le domaine qui vous passionne le plus !","og_url":"https:\/\/nomverify.com\/fr\/postes-vacants\/","og_site_name":"Nomverify M\u00e9xico","article_publisher":"https:\/\/www.facebook.com\/NomverifyMexico","article_modified_time":"2024-06-19T19:32:32+00:00","twitter_card":"summary_large_image","schema":{"@context":"https:\/\/schema.org","@graph":[{"@type":"WebPage","@id":"https:\/\/nomverify.com\/fr\/postes-vacants\/","url":"https:\/\/nomverify.com\/fr\/postes-vacants\/","name":"Offres d'emploi - Nomverify M\u00e9xico","isPartOf":{"@id":"https:\/\/nomverify.com\/fr\/#website"},"datePublished":"2024-06-04T18:08:23+00:00","dateModified":"2024-06-19T19:32:32+00:00","description":"Enrichissez votre performance professionnelle en mettant en pratique et en acqu\u00e9rant de nouvelles connaissances dans le domaine qui vous passionne le plus !","inLanguage":"fr-FR","potentialAction":[{"@type":"ReadAction","target":["https:\/\/nomverify.com\/fr\/postes-vacants\/"]}]},{"@type":"WebSite","@id":"https:\/\/nomverify.com\/fr\/#website","url":"https:\/\/nomverify.com\/fr\/","name":"Nomverify M\u00e9xico","description":"Unidad de Inspecci\u00f3n Acreditada UVA en M\u00e9xico","publisher":{"@id":"https:\/\/nomverify.com\/fr\/#organization"},"potentialAction":[{"@type":"SearchAction","target":{"@type":"EntryPoint","urlTemplate":"https:\/\/nomverify.com\/fr\/?s={search_term_string}"},"query-input":{"@type":"PropertyValueSpecification","valueRequired":true,"valueName":"search_term_string"}}],"inLanguage":"fr-FR"},{"@type":"Organization","@id":"https:\/\/nomverify.com\/fr\/#organization","name":"NOMVERIFY M\u00c9XICO SC","alternateName":"NOMVERIFY","url":"https:\/\/nomverify.com\/fr\/","logo":{"@type":"ImageObject","inLanguage":"fr-FR","@id":"https:\/\/nomverify.com\/fr\/#\/schema\/logo\/image\/","url":"https:\/\/nomverify.com\/wp-content\/uploads\/2023\/03\/Logo-NOMVERIFY-02.png","contentUrl":"https:\/\/nomverify.com\/wp-content\/uploads\/2023\/03\/Logo-NOMVERIFY-02.png","width":1816,"height":418,"caption":"NOMVERIFY M\u00c9XICO SC"},"image":{"@id":"https:\/\/nomverify.com\/fr\/#\/schema\/logo\/image\/"},"sameAs":["https:\/\/www.facebook.com\/NomverifyMexico","https:\/\/www.instagram.com\/nomverify_mx\/"]}]}},"amp_enabled":true,"_links":{"self":[{"href":"https:\/\/nomverify.com\/fr\/wp-json\/wp\/v2\/pages\/9752","targetHints":{"allow":["GET"]}}],"collection":[{"href":"https:\/\/nomverify.com\/fr\/wp-json\/wp\/v2\/pages"}],"about":[{"href":"https:\/\/nomverify.com\/fr\/wp-json\/wp\/v2\/types\/page"}],"author":[{"embeddable":true,"href":"https:\/\/nomverify.com\/fr\/wp-json\/wp\/v2\/users\/4"}],"replies":[{"embeddable":true,"href":"https:\/\/nomverify.com\/fr\/wp-json\/wp\/v2\/comments?post=9752"}],"version-history":[{"count":0,"href":"https:\/\/nomverify.com\/fr\/wp-json\/wp\/v2\/pages\/9752\/revisions"}],"wp:attachment":[{"href":"https:\/\/nomverify.com\/fr\/wp-json\/wp\/v2\/media?parent=9752"}],"curies":[{"name":"wp","href":"https:\/\/api.w.org\/{rel}","templated":true}]}}