{"id":9809,"date":"2024-06-04T15:21:12","date_gmt":"2024-06-04T20:21:12","guid":{"rendered":"https:\/\/nomverify.com\/contact-us\/"},"modified":"2024-06-19T14:45:45","modified_gmt":"2024-06-19T19:45:45","slug":"contact-us","status":"publish","type":"page","link":"https:\/\/nomverify.com\/en\/contact-us\/","title":{"rendered":"Contact us at"},"content":{"rendered":"<div class=\"wpb-content-wrapper\"><p>[vc_row full_width=&#8221;stretch_row&#8221; gap=&#8221;15&#8243; content_placement=&#8221;middle&#8221; mobile_bg_img_hidden=&#8221;no&#8221; tablet_bg_img_hidden=&#8221;no&#8221; woodmart_parallax=&#8221;0&#8243; woodmart_gradient_switch=&#8221;no&#8221; row_reverse_mobile=&#8221;0&#8243; row_reverse_tablet=&#8221;0&#8243; woodmart_disable_overflow=&#8221;0&#8243; css=&#8221;.vc_custom_1626399497722{margin-top: -40px !important;margin-bottom: -40px !important;background-color: #4171a5 !important;}&#8221;][vc_column][vc_row_inner][vc_column_inner width=&#8221;1\/2&#8243;]\n\t\t<div id=\"wd-60ef7d202fa49\" class=\"title-wrapper wd-wpb wd-set-mb reset-last-child  wd-rs-60ef7d202fa49 wd-title-color-white wd-title-style-default text-left wd-off-anim wpb_animate_when_almost_visible wpb_fadeInLeft fadeInLeft wd-anim-name_fadeInLeft  wd-underline-colored\">\n\t\t\t\n\t\t\t<div class=\"liner-continer\">\n\t\t\t\t<h4 class=\"woodmart-title-container title  wd-font-weight-700 wd-fontsize-xxxl\" >Contact us at<\/h4>\n\t\t\t\t\t\t\t<\/div>\n\t\t\t\n\t\t\t\n\t\t\t\n\t\t<\/div>\n\t\t\n\t\t[vc_separator color=&#8221;custom&#8221; align=&#8221;align_left&#8221; border_width=&#8221;2&#8243; el_width=&#8221;30&#8243; accent_color=&#8221;#d46740&#8243;]\t\t\t<div id=\"wd-60ef73aa95d44\" class=\"wd-text-block-wrapper wd-wpb wd-rs-60ef73aa95d44 color-scheme-light text-left \">\n\t\t\t\t<div class=\"woodmart-title-container woodmart-text-block reset-last-child font-primary wd-font-weight- wd-fontsize-m\">\n\t\t\t\t\t<strong>Save time, our service is safe, easy and 100% reliable!<\/strong><\/p>\n<ul>\n<li>We understand current issues.<\/li>\n<li>We streamline processes to optimize time and resources. Effective and continuous attention.<\/li>\n<\/ul>\n<p><strong>National<\/strong><\/p>\n<ul>\n<li>We understand current issues<\/li>\n<li>We streamline processes to optimize time and resources. Effective and continuous attention.<\/li>\n<\/ul>\n<p><strong> Importers<\/strong><\/p>\n<ul>\n<li>Agility to your procedure.<\/li>\n<li>Official document that endorses the applicable NOM.<\/li>\n<\/ul>\n<p>\t\t\t\t<\/div>\n\n\t\t\t\t\t\t\t<\/div>\n\t\t[\/vc_column_inner][vc_column_inner width=&#8221;1\/2&#8243;][vc_raw_html]W2ZsdWVudGZvcm0gaWQ9IjMiXQ==[\/vc_raw_html][\/vc_column_inner][\/vc_row_inner][\/vc_column][\/vc_row]<\/p>\n<\/div>","protected":false},"excerpt":{"rendered":"<p>[vc_row full_width=&#8221;stretch_row&#8221; gap=&#8221;15&#8243; content_placement=&#8221;middle&#8221; mobile_bg_img_hidden=&#8221;no&#8221; tablet_bg_img_hidden=&#8221;no&#8221; woodmart_parallax=&#8221;0&#8243; woodmart_gradient_switch=&#8221;no&#8221; row_reverse_mobile=&#8221;0&#8243; row_reverse_tablet=&#8221;0&#8243; woodmart_disable_overflow=&#8221;0&#8243; css=&#8221;.vc_custom_1626399497722{margin-top: -40px !important;margin-bottom: -40px !important;background-color: #4171a5 !important;}&#8221;][vc_column][vc_row_inner][vc_column_inner width=&#8221;1\/2&#8243;][vc_separator color=&#8221;custom&#8221;<\/p>\n","protected":false},"author":9,"featured_media":0,"parent":0,"menu_order":0,"comment_status":"closed","ping_status":"closed","template":"","meta":{"footnotes":""},"class_list":["post-9809","page","type-page","status-publish","hentry"],"yoast_head":"<!-- This site is optimized with the Yoast SEO plugin v27.3 - https:\/\/yoast.com\/product\/yoast-seo-wordpress\/ -->\n<title>Contact us at - Nomverify M\u00e9xico<\/title>\n<meta name=\"robots\" content=\"index, follow, max-snippet:-1, max-image-preview:large, max-video-preview:-1\" \/>\n<link rel=\"canonical\" href=\"https:\/\/nomverify.com\/en\/contact-us\/\" \/>\n<meta property=\"og:locale\" content=\"en_US\" \/>\n<meta property=\"og:type\" content=\"article\" \/>\n<meta property=\"og:title\" content=\"Contact us at - Nomverify M\u00e9xico\" \/>\n<meta property=\"og:description\" content=\"[vc_row full_width=&#8221;stretch_row&#8221; gap=&#8221;15&#8243; content_placement=&#8221;middle&#8221; mobile_bg_img_hidden=&#8221;no&#8221; tablet_bg_img_hidden=&#8221;no&#8221; woodmart_parallax=&#8221;0&#8243; woodmart_gradient_switch=&#8221;no&#8221; row_reverse_mobile=&#8221;0&#8243; row_reverse_tablet=&#8221;0&#8243; woodmart_disable_overflow=&#8221;0&#8243; css=&#8221;.vc_custom_1626399497722{margin-top: -40px !important;margin-bottom: -40px !important;background-color: #4171a5 !important;}&#8221;][vc_column][vc_row_inner][vc_column_inner width=&#8221;1\/2&#8243;][vc_separator color=&#8221;custom&#8221;\" \/>\n<meta property=\"og:url\" content=\"https:\/\/nomverify.com\/en\/contact-us\/\" \/>\n<meta property=\"og:site_name\" content=\"Nomverify M\u00e9xico\" \/>\n<meta property=\"article:publisher\" content=\"https:\/\/www.facebook.com\/NomverifyMexico\" \/>\n<meta property=\"article:modified_time\" content=\"2024-06-19T19:45:45+00:00\" \/>\n<meta name=\"twitter:card\" content=\"summary_large_image\" \/>\n<script type=\"application\/ld+json\" class=\"yoast-schema-graph\">{\"@context\":\"https:\\\/\\\/schema.org\",\"@graph\":[{\"@type\":\"WebPage\",\"@id\":\"https:\\\/\\\/nomverify.com\\\/en\\\/contact-us\\\/\",\"url\":\"https:\\\/\\\/nomverify.com\\\/en\\\/contact-us\\\/\",\"name\":\"Contact us at - Nomverify M\u00e9xico\",\"isPartOf\":{\"@id\":\"https:\\\/\\\/nomverify.com\\\/en\\\/#website\"},\"datePublished\":\"2024-06-04T20:21:12+00:00\",\"dateModified\":\"2024-06-19T19:45:45+00:00\",\"inLanguage\":\"en-US\",\"potentialAction\":[{\"@type\":\"ReadAction\",\"target\":[\"https:\\\/\\\/nomverify.com\\\/en\\\/contact-us\\\/\"]}]},{\"@type\":\"WebSite\",\"@id\":\"https:\\\/\\\/nomverify.com\\\/en\\\/#website\",\"url\":\"https:\\\/\\\/nomverify.com\\\/en\\\/\",\"name\":\"Nomverify M\u00e9xico\",\"description\":\"Unidad de Inspecci\u00f3n Acreditada UVA en M\u00e9xico\",\"publisher\":{\"@id\":\"https:\\\/\\\/nomverify.com\\\/en\\\/#organization\"},\"potentialAction\":[{\"@type\":\"SearchAction\",\"target\":{\"@type\":\"EntryPoint\",\"urlTemplate\":\"https:\\\/\\\/nomverify.com\\\/en\\\/?s={search_term_string}\"},\"query-input\":{\"@type\":\"PropertyValueSpecification\",\"valueRequired\":true,\"valueName\":\"search_term_string\"}}],\"inLanguage\":\"en-US\"},{\"@type\":\"Organization\",\"@id\":\"https:\\\/\\\/nomverify.com\\\/en\\\/#organization\",\"name\":\"NOMVERIFY M\u00c9XICO SC\",\"alternateName\":\"NOMVERIFY\",\"url\":\"https:\\\/\\\/nomverify.com\\\/en\\\/\",\"logo\":{\"@type\":\"ImageObject\",\"inLanguage\":\"en-US\",\"@id\":\"https:\\\/\\\/nomverify.com\\\/en\\\/#\\\/schema\\\/logo\\\/image\\\/\",\"url\":\"https:\\\/\\\/nomverify.com\\\/wp-content\\\/uploads\\\/2023\\\/03\\\/Logo-NOMVERIFY-02.png\",\"contentUrl\":\"https:\\\/\\\/nomverify.com\\\/wp-content\\\/uploads\\\/2023\\\/03\\\/Logo-NOMVERIFY-02.png\",\"width\":1816,\"height\":418,\"caption\":\"NOMVERIFY M\u00c9XICO SC\"},\"image\":{\"@id\":\"https:\\\/\\\/nomverify.com\\\/en\\\/#\\\/schema\\\/logo\\\/image\\\/\"},\"sameAs\":[\"https:\\\/\\\/www.facebook.com\\\/NomverifyMexico\",\"https:\\\/\\\/www.instagram.com\\\/nomverify_mx\\\/\"]}]}<\/script>\n<!-- \/ Yoast SEO plugin. -->","yoast_head_json":{"title":"Contact us at - Nomverify M\u00e9xico","robots":{"index":"index","follow":"follow","max-snippet":"max-snippet:-1","max-image-preview":"max-image-preview:large","max-video-preview":"max-video-preview:-1"},"canonical":"https:\/\/nomverify.com\/en\/contact-us\/","og_locale":"en_US","og_type":"article","og_title":"Contact us at - Nomverify M\u00e9xico","og_description":"[vc_row full_width=&#8221;stretch_row&#8221; gap=&#8221;15&#8243; content_placement=&#8221;middle&#8221; mobile_bg_img_hidden=&#8221;no&#8221; tablet_bg_img_hidden=&#8221;no&#8221; woodmart_parallax=&#8221;0&#8243; woodmart_gradient_switch=&#8221;no&#8221; row_reverse_mobile=&#8221;0&#8243; row_reverse_tablet=&#8221;0&#8243; woodmart_disable_overflow=&#8221;0&#8243; css=&#8221;.vc_custom_1626399497722{margin-top: -40px !important;margin-bottom: -40px !important;background-color: #4171a5 !important;}&#8221;][vc_column][vc_row_inner][vc_column_inner width=&#8221;1\/2&#8243;][vc_separator color=&#8221;custom&#8221;","og_url":"https:\/\/nomverify.com\/en\/contact-us\/","og_site_name":"Nomverify M\u00e9xico","article_publisher":"https:\/\/www.facebook.com\/NomverifyMexico","article_modified_time":"2024-06-19T19:45:45+00:00","twitter_card":"summary_large_image","schema":{"@context":"https:\/\/schema.org","@graph":[{"@type":"WebPage","@id":"https:\/\/nomverify.com\/en\/contact-us\/","url":"https:\/\/nomverify.com\/en\/contact-us\/","name":"Contact us at - Nomverify M\u00e9xico","isPartOf":{"@id":"https:\/\/nomverify.com\/en\/#website"},"datePublished":"2024-06-04T20:21:12+00:00","dateModified":"2024-06-19T19:45:45+00:00","inLanguage":"en-US","potentialAction":[{"@type":"ReadAction","target":["https:\/\/nomverify.com\/en\/contact-us\/"]}]},{"@type":"WebSite","@id":"https:\/\/nomverify.com\/en\/#website","url":"https:\/\/nomverify.com\/en\/","name":"Nomverify M\u00e9xico","description":"Unidad de Inspecci\u00f3n Acreditada UVA en M\u00e9xico","publisher":{"@id":"https:\/\/nomverify.com\/en\/#organization"},"potentialAction":[{"@type":"SearchAction","target":{"@type":"EntryPoint","urlTemplate":"https:\/\/nomverify.com\/en\/?s={search_term_string}"},"query-input":{"@type":"PropertyValueSpecification","valueRequired":true,"valueName":"search_term_string"}}],"inLanguage":"en-US"},{"@type":"Organization","@id":"https:\/\/nomverify.com\/en\/#organization","name":"NOMVERIFY M\u00c9XICO SC","alternateName":"NOMVERIFY","url":"https:\/\/nomverify.com\/en\/","logo":{"@type":"ImageObject","inLanguage":"en-US","@id":"https:\/\/nomverify.com\/en\/#\/schema\/logo\/image\/","url":"https:\/\/nomverify.com\/wp-content\/uploads\/2023\/03\/Logo-NOMVERIFY-02.png","contentUrl":"https:\/\/nomverify.com\/wp-content\/uploads\/2023\/03\/Logo-NOMVERIFY-02.png","width":1816,"height":418,"caption":"NOMVERIFY M\u00c9XICO SC"},"image":{"@id":"https:\/\/nomverify.com\/en\/#\/schema\/logo\/image\/"},"sameAs":["https:\/\/www.facebook.com\/NomverifyMexico","https:\/\/www.instagram.com\/nomverify_mx\/"]}]}},"amp_enabled":true,"_links":{"self":[{"href":"https:\/\/nomverify.com\/en\/wp-json\/wp\/v2\/pages\/9809","targetHints":{"allow":["GET"]}}],"collection":[{"href":"https:\/\/nomverify.com\/en\/wp-json\/wp\/v2\/pages"}],"about":[{"href":"https:\/\/nomverify.com\/en\/wp-json\/wp\/v2\/types\/page"}],"author":[{"embeddable":true,"href":"https:\/\/nomverify.com\/en\/wp-json\/wp\/v2\/users\/9"}],"replies":[{"embeddable":true,"href":"https:\/\/nomverify.com\/en\/wp-json\/wp\/v2\/comments?post=9809"}],"version-history":[{"count":0,"href":"https:\/\/nomverify.com\/en\/wp-json\/wp\/v2\/pages\/9809\/revisions"}],"wp:attachment":[{"href":"https:\/\/nomverify.com\/en\/wp-json\/wp\/v2\/media?parent=9809"}],"curies":[{"name":"wp","href":"https:\/\/api.w.org\/{rel}","templated":true}]}}