{"id":9784,"date":"2024-06-04T15:20:47","date_gmt":"2024-06-04T20:20:47","guid":{"rendered":"https:\/\/nomverify.com\/service-consulting\/"},"modified":"2025-07-01T16:51:58","modified_gmt":"2025-07-01T21:51:58","slug":"service-consulting","status":"publish","type":"page","link":"https:\/\/nomverify.com\/en\/service-consulting\/","title":{"rendered":"Value Added"},"content":{"rendered":"<div class=\"wpb-content-wrapper\"><p>[vc_row full_width=&#8221;stretch_row_content&#8221; woodmart_css_id=&#8221;68114d861cbc0&#8243; responsive_spacing=&#8221;eyJwYXJhbV90eXBlIjoid29vZG1hcnRfcmVzcG9uc2l2ZV9zcGFjaW5nIiwic2VsZWN0b3JfaWQiOiI2ODExNGQ4NjFjYmMwIiwic2hvcnRjb2RlIjoidmNfcm93IiwiZGF0YSI6eyJ0YWJsZXQiOnt9LCJtb2JpbGUiOnt9fX0=&#8221; mobile_bg_img_hidden=&#8221;no&#8221; tablet_bg_img_hidden=&#8221;no&#8221; woodmart_parallax=&#8221;0&#8243; woodmart_gradient_switch=&#8221;no&#8221; woodmart_box_shadow=&#8221;no&#8221; wd_z_index=&#8221;no&#8221; woodmart_disable_overflow=&#8221;0&#8243; row_reverse_mobile=&#8221;0&#8243; row_reverse_tablet=&#8221;0&#8243;][vc_column css_animation=&#8221;fadeInUp&#8221; woodmart_css_id=&#8221;68114e06d3ea8&#8243; parallax_scroll=&#8221;no&#8221; woodmart_sticky_column=&#8221;false&#8221; wd_collapsible_content_switcher=&#8221;no&#8221; wd_column_role_offcanvas_desktop=&#8221;no&#8221; wd_column_role_offcanvas_tablet=&#8221;no&#8221; wd_column_role_offcanvas_mobile=&#8221;no&#8221; wd_column_role_content_desktop=&#8221;no&#8221; wd_column_role_content_tablet=&#8221;no&#8221; wd_column_role_content_mobile=&#8221;no&#8221; mobile_bg_img_hidden=&#8221;no&#8221; tablet_bg_img_hidden=&#8221;no&#8221; woodmart_parallax=&#8221;0&#8243; woodmart_box_shadow=&#8221;no&#8221; responsive_spacing=&#8221;eyJwYXJhbV90eXBlIjoid29vZG1hcnRfcmVzcG9uc2l2ZV9zcGFjaW5nIiwic2VsZWN0b3JfaWQiOiI2ODExNGUwNmQzZWE4Iiwic2hvcnRjb2RlIjoidmNfY29sdW1uIiwiZGF0YSI6eyJ0YWJsZXQiOnt9LCJtb2JpbGUiOnt9fX0=&#8221; mobile_reset_margin=&#8221;no&#8221; tablet_reset_margin=&#8221;no&#8221; wd_z_index=&#8221;no&#8221;][vc_single_image image=&#8221;11271&#8243; img_size=&#8221;full&#8221; alignment=&#8221;center&#8221; css=&#8221;&#8221; parallax_scroll=&#8221;no&#8221; woodmart_inline=&#8221;no&#8221;][vc_single_image image=&#8221;11297&#8243; img_size=&#8221;full&#8221; alignment=&#8221;center&#8221; css=&#8221;&#8221; parallax_scroll=&#8221;no&#8221; woodmart_inline=&#8221;no&#8221;][vc_single_image image=&#8221;11305&#8243; img_size=&#8221;full&#8221; alignment=&#8221;center&#8221; css_animation=&#8221;none&#8221; css=&#8221;.vc_custom_1746734580521{padding-top: -100px !important;}&#8221; parallax_scroll=&#8221;no&#8221; woodmart_inline=&#8221;no&#8221;][\/vc_column][\/vc_row][vc_row woodmart_stretch_content=&#8221;section-stretch-content&#8221; css=&#8221;.vc_custom_1744398655128{background-color: #adddf4 !important;}&#8221; woodmart_css_id=&#8221;67f969384b4ce&#8221; responsive_spacing=&#8221;eyJwYXJhbV90eXBlIjoid29vZG1hcnRfcmVzcG9uc2l2ZV9zcGFjaW5nIiwic2VsZWN0b3JfaWQiOiI2N2Y5NjkzODRiNGNlIiwic2hvcnRjb2RlIjoidmNfcm93IiwiZGF0YSI6eyJ0YWJsZXQiOnt9LCJtb2JpbGUiOnt9fX0=&#8221; mobile_bg_img_hidden=&#8221;no&#8221; tablet_bg_img_hidden=&#8221;no&#8221; woodmart_parallax=&#8221;0&#8243; woodmart_gradient_switch=&#8221;no&#8221; woodmart_box_shadow=&#8221;no&#8221; wd_z_index=&#8221;no&#8221; woodmart_disable_overflow=&#8221;0&#8243; row_reverse_mobile=&#8221;0&#8243; row_reverse_tablet=&#8221;0&#8243;][vc_column width=&#8221;1\/2&#8243;][\/vc_column][vc_column width=&#8221;1\/2&#8243;][\/vc_column][\/vc_row][vc_row woodmart_stretch_content=&#8221;section-stretch-content&#8221; css=&#8221;.vc_custom_1744398681450{background-color: #adddf4 !important;}&#8221; woodmart_css_id=&#8221;67f9694fd2d5d&#8221; responsive_spacing=&#8221;eyJwYXJhbV90eXBlIjoid29vZG1hcnRfcmVzcG9uc2l2ZV9zcGFjaW5nIiwic2VsZWN0b3JfaWQiOiI2N2Y5Njk0ZmQyZDVkIiwic2hvcnRjb2RlIjoidmNfcm93IiwiZGF0YSI6eyJ0YWJsZXQiOnt9LCJtb2JpbGUiOnt9fX0=&#8221; mobile_bg_img_hidden=&#8221;no&#8221; tablet_bg_img_hidden=&#8221;no&#8221; woodmart_parallax=&#8221;0&#8243; woodmart_gradient_switch=&#8221;no&#8221; woodmart_box_shadow=&#8221;no&#8221; wd_z_index=&#8221;no&#8221; woodmart_disable_overflow=&#8221;0&#8243; row_reverse_mobile=&#8221;0&#8243; row_reverse_tablet=&#8221;0&#8243;][vc_column width=&#8221;1\/2&#8243;][\/vc_column][vc_column width=&#8221;1\/2&#8243;][\/vc_column][\/vc_row][vc_row full_width=&#8221;stretch_row&#8221; css=&#8221;.vc_custom_1744398628381{padding-top: 4vh !important;padding-bottom: 4vh !important;background: #3ea5e0 url(https:\/\/nomverify.com\/wp-content\/uploads\/2025\/04\/kjhjhk.png?id=11091) !important;background-position: center !important;background-repeat: no-repeat !important;background-size: cover !important;}&#8221; woodmart_parallax=&#8221;0&#8243; woodmart_gradient_switch=&#8221;no&#8221; row_reverse_mobile=&#8221;0&#8243; row_reverse_tablet=&#8221;0&#8243; woodmart_disable_overflow=&#8221;0&#8243; mobile_bg_img_hidden=&#8221;no&#8221; tablet_bg_img_hidden=&#8221;no&#8221; woodmart_css_id=&#8221;67f9690ed232c&#8221; responsive_spacing=&#8221;eyJwYXJhbV90eXBlIjoid29vZG1hcnRfcmVzcG9uc2l2ZV9zcGFjaW5nIiwic2VsZWN0b3JfaWQiOiI2N2Y5NjkwZWQyMzJjIiwic2hvcnRjb2RlIjoidmNfcm93IiwiZGF0YSI6eyJ0YWJsZXQiOnt9LCJtb2JpbGUiOnt9fX0=&#8221; woodmart_box_shadow=&#8221;no&#8221; wd_z_index=&#8221;no&#8221;][vc_column css=&#8221;.vc_custom_1538394280375{margin-right: 15px !important;margin-left: 15px !important;border-top-width: 4px !important;border-right-width: 4px !important;border-bottom-width: 4px !important;border-left-width: 4px !important;padding-top: 4vh !important;padding-right: 4vh !important;padding-bottom: 4vh !important;padding-left: 4vh !important;border-left-color: rgba(255,255,255,0.25) !important;border-left-style: solid !important;border-right-color: rgba(255,255,255,0.25) !important;border-right-style: solid !important;border-top-color: rgba(255,255,255,0.25) !important;border-top-style: solid !important;border-bottom-color: rgba(255,255,255,0.25) !important;border-bottom-style: solid !important;}&#8221; woodmart_parallax=&#8221;0&#8243; parallax_scroll=&#8221;no&#8221; woodmart_sticky_column=&#8221;false&#8221;]\n\t\t<div id=\"wd-62faa2535e883\" class=\"title-wrapper wd-wpb wd-set-mb reset-last-child  wd-rs-62faa2535e883 wd-title-color-white wd-title-style-default text-center vc_custom_1660592734450 wd-width-enabled wd-underline-colored\" style=\"--wd-max-width: 70%;\">\n\t\t\t\n\t\t\t<div class=\"liner-continer\">\n\t\t\t\t<h4 class=\"woodmart-title-container title  wd-font-weight- wd-fontsize-xl\" >Cada servicio es integral y a la medida acorde a tus necesidades.<\/h4>\n\t\t\t\t\t\t\t<\/div>\n\t\t\t\n\t\t\t\t\t\t\t<div class=\"title-after_title reset-last-child  wd-fontsize-s\">Ll\u00e1manos Edo. de M\u00e9xico (55) 40907870<br \/>\nSolicita una asesor\u00eda profesional<\/div>\n\t\t\t\n\t\t\t\n\t\t<\/div>\n\t\t\n\t\t<div id=\"wd-6109d343af3b5\" class=\" wd-rs-6109d343af3b5  wd-button-wrapper text-center\"><a href=\"\/contactanos\/\" title=\"Cont\u00e1ctanos\" class=\"btn btn-color-alt btn-style-default btn-shape-rectangle btn-size-default\">CONT\u00c1CTANOS<\/a><\/div>[\/vc_column][\/vc_row][vc_section woodmart_css_id=&#8221;67f96476a8c9b&#8221; responsive_spacing=&#8221;eyJwYXJhbV90eXBlIjoid29vZG1hcnRfcmVzcG9uc2l2ZV9zcGFjaW5nIiwic2VsZWN0b3JfaWQiOiI2N2Y5NjQ3NmE4YzliIiwic2hvcnRjb2RlIjoidmNfc2VjdGlvbiIsImRhdGEiOnsidGFibGV0Ijp7fSwibW9iaWxlIjp7fX19&#8243; mobile_bg_img_hidden=&#8221;no&#8221; tablet_bg_img_hidden=&#8221;no&#8221; woodmart_parallax=&#8221;0&#8243; woodmart_gradient_switch=&#8221;no&#8221; woodmart_box_shadow=&#8221;no&#8221; wd_z_index=&#8221;no&#8221; woodmart_disable_overflow=&#8221;0&#8243;][vc_row][vc_column][vc_empty_space height=&#8221;10&#8243; woodmart_hide_large=&#8221;0&#8243; woodmart_hide_medium=&#8221;0&#8243; woodmart_hide_small=&#8221;0&#8243;][\/vc_column][\/vc_row][vc_row][vc_column width=&#8221;1\/2&#8243;][vc_single_image image=&#8221;11070&#8243; img_size=&#8221;full&#8221; css=&#8221;&#8221; parallax_scroll=&#8221;no&#8221; woodmart_inline=&#8221;no&#8221;][\/vc_column][vc_column width=&#8221;1\/2&#8243;][vc_empty_space height=&#8221;100px&#8221; woodmart_hide_large=&#8221;0&#8243; woodmart_hide_medium=&#8221;0&#8243; woodmart_hide_small=&#8221;0&#8243;]\n\t\t<div id=\"wd-67f96262e8639\" class=\"title-wrapper wd-wpb wd-set-mb reset-last-child  wd-rs-67f96262e8639 wd-title-color-primary wd-title-style-default text-left  wd-underline-colored\">\n\t\t\t\n\t\t\t<div class=\"liner-continer\">\n\t\t\t\t<h4 class=\"woodmart-title-container title  wd-font-weight- wd-fontsize-xxl\" >Trabajamos con transparencia y claridad en cada uno de los procesos correspondientes a tu empresa.<\/h4>\n\t\t\t\t\t\t\t<\/div>\n\t\t\t\n\t\t\t\t\t\t\t<div class=\"title-after_title reset-last-child  wd-fontsize-s\">\u00a1Ahorra tiempo, nuestro servicio es seguro, f\u00e1cil y 100 % confiable!<\/div>\n\t\t\t\n\t\t\t\n\t\t<\/div>\n\t\t\n\t\t\n\t\t<div id=\"wd-67f962dc208c5\" class=\"title-wrapper wd-wpb wd-set-mb reset-last-child  wd-rs-67f962dc208c5 wd-title-color-primary wd-title-style-default text-center  wd-underline-colored\">\n\t\t\t\n\t\t\t<div class=\"liner-continer\">\n\t\t\t\t<h4 class=\"woodmart-title-container title  wd-font-weight- wd-fontsize-xxl\" >\u00a1CONT\u00c1CTANOS!<\/h4>\n\t\t\t\t\t\t\t<\/div>\n\t\t\t\n\t\t\t\n\t\t\t\n\t\t<\/div>\n\t\t\n\t\t<div id=\"wd-68123b71e1827\" class=\" wd-rs-68123b71e1827  wd-button-wrapper text-center\"><a href=\"\/contactanos\/\" title=\"\" class=\"btn btn-color-alt btn-style-default btn-shape-rectangle btn-size-default\">Solicita un Servicio<\/a><\/div>[\/vc_column][\/vc_row][\/vc_section]<\/p>\n<\/div>","protected":false},"excerpt":{"rendered":"<p>[vc_row full_width=&#8221;stretch_row_content&#8221; woodmart_css_id=&#8221;68114d861cbc0&#8243; responsive_spacing=&#8221;eyJwYXJhbV90eXBlIjoid29vZG1hcnRfcmVzcG9uc2l2ZV9zcGFjaW5nIiwic2VsZWN0b3JfaWQiOiI2ODExNGQ4NjFjYmMwIiwic2hvcnRjb2RlIjoidmNfcm93IiwiZGF0YSI6eyJ0YWJsZXQiOnt9LCJtb2JpbGUiOnt9fX0=&#8221; mobile_bg_img_hidden=&#8221;no&#8221; tablet_bg_img_hidden=&#8221;no&#8221; woodmart_parallax=&#8221;0&#8243; woodmart_gradient_switch=&#8221;no&#8221; woodmart_box_shadow=&#8221;no&#8221; wd_z_index=&#8221;no&#8221; woodmart_disable_overflow=&#8221;0&#8243; row_reverse_mobile=&#8221;0&#8243; row_reverse_tablet=&#8221;0&#8243;][vc_column css_animation=&#8221;fadeInUp&#8221; woodmart_css_id=&#8221;68114e06d3ea8&#8243; parallax_scroll=&#8221;no&#8221; woodmart_sticky_column=&#8221;false&#8221; wd_collapsible_content_switcher=&#8221;no&#8221; wd_column_role_offcanvas_desktop=&#8221;no&#8221; wd_column_role_offcanvas_tablet=&#8221;no&#8221;<\/p>\n","protected":false},"author":9,"featured_media":0,"parent":0,"menu_order":0,"comment_status":"closed","ping_status":"closed","template":"","meta":{"footnotes":""},"class_list":["post-9784","page","type-page","status-publish","hentry"],"yoast_head":"<!-- This site is optimized with the Yoast SEO plugin v27.3 - https:\/\/yoast.com\/product\/yoast-seo-wordpress\/ -->\n<title>Value Added - Nomverify M\u00e9xico<\/title>\n<meta name=\"description\" content=\"We ensure the quality and compliance of your product, both regulatory and sanitary, at the point of sale. Contact us for more information!\" \/>\n<meta name=\"robots\" content=\"index, follow, max-snippet:-1, max-image-preview:large, max-video-preview:-1\" \/>\n<link rel=\"canonical\" href=\"https:\/\/nomverify.com\/en\/service-consulting\/\" \/>\n<meta property=\"og:locale\" content=\"en_US\" \/>\n<meta property=\"og:type\" content=\"article\" \/>\n<meta property=\"og:title\" content=\"Value Added - Nomverify M\u00e9xico\" \/>\n<meta property=\"og:description\" content=\"We ensure the quality and compliance of your product, both regulatory and sanitary, at the point of sale. Contact us for more information!\" \/>\n<meta property=\"og:url\" content=\"https:\/\/nomverify.com\/en\/service-consulting\/\" \/>\n<meta property=\"og:site_name\" content=\"Nomverify M\u00e9xico\" \/>\n<meta property=\"article:publisher\" content=\"https:\/\/www.facebook.com\/NomverifyMexico\" \/>\n<meta property=\"article:modified_time\" content=\"2025-07-01T21:51:58+00:00\" \/>\n<meta name=\"twitter:card\" content=\"summary_large_image\" \/>\n<script type=\"application\/ld+json\" class=\"yoast-schema-graph\">{\"@context\":\"https:\\\/\\\/schema.org\",\"@graph\":[{\"@type\":\"WebPage\",\"@id\":\"https:\\\/\\\/nomverify.com\\\/en\\\/service-consulting\\\/\",\"url\":\"https:\\\/\\\/nomverify.com\\\/en\\\/service-consulting\\\/\",\"name\":\"Value Added - Nomverify M\u00e9xico\",\"isPartOf\":{\"@id\":\"https:\\\/\\\/nomverify.com\\\/en\\\/#website\"},\"datePublished\":\"2024-06-04T20:20:47+00:00\",\"dateModified\":\"2025-07-01T21:51:58+00:00\",\"description\":\"We ensure the quality and compliance of your product, both regulatory and sanitary, at the point of sale. Contact us for more information!\",\"inLanguage\":\"en-US\",\"potentialAction\":[{\"@type\":\"ReadAction\",\"target\":[\"https:\\\/\\\/nomverify.com\\\/en\\\/service-consulting\\\/\"]}]},{\"@type\":\"WebSite\",\"@id\":\"https:\\\/\\\/nomverify.com\\\/en\\\/#website\",\"url\":\"https:\\\/\\\/nomverify.com\\\/en\\\/\",\"name\":\"Nomverify M\u00e9xico\",\"description\":\"Unidad de Inspecci\u00f3n Acreditada UVA en M\u00e9xico\",\"publisher\":{\"@id\":\"https:\\\/\\\/nomverify.com\\\/en\\\/#organization\"},\"potentialAction\":[{\"@type\":\"SearchAction\",\"target\":{\"@type\":\"EntryPoint\",\"urlTemplate\":\"https:\\\/\\\/nomverify.com\\\/en\\\/?s={search_term_string}\"},\"query-input\":{\"@type\":\"PropertyValueSpecification\",\"valueRequired\":true,\"valueName\":\"search_term_string\"}}],\"inLanguage\":\"en-US\"},{\"@type\":\"Organization\",\"@id\":\"https:\\\/\\\/nomverify.com\\\/en\\\/#organization\",\"name\":\"NOMVERIFY M\u00c9XICO SC\",\"alternateName\":\"NOMVERIFY\",\"url\":\"https:\\\/\\\/nomverify.com\\\/en\\\/\",\"logo\":{\"@type\":\"ImageObject\",\"inLanguage\":\"en-US\",\"@id\":\"https:\\\/\\\/nomverify.com\\\/en\\\/#\\\/schema\\\/logo\\\/image\\\/\",\"url\":\"https:\\\/\\\/nomverify.com\\\/wp-content\\\/uploads\\\/2023\\\/03\\\/Logo-NOMVERIFY-02.png\",\"contentUrl\":\"https:\\\/\\\/nomverify.com\\\/wp-content\\\/uploads\\\/2023\\\/03\\\/Logo-NOMVERIFY-02.png\",\"width\":1816,\"height\":418,\"caption\":\"NOMVERIFY M\u00c9XICO SC\"},\"image\":{\"@id\":\"https:\\\/\\\/nomverify.com\\\/en\\\/#\\\/schema\\\/logo\\\/image\\\/\"},\"sameAs\":[\"https:\\\/\\\/www.facebook.com\\\/NomverifyMexico\",\"https:\\\/\\\/www.instagram.com\\\/nomverify_mx\\\/\"]}]}<\/script>\n<!-- \/ Yoast SEO plugin. -->","yoast_head_json":{"title":"Value Added - Nomverify M\u00e9xico","description":"We ensure the quality and compliance of your product, both regulatory and sanitary, at the point of sale. Contact us for more information!","robots":{"index":"index","follow":"follow","max-snippet":"max-snippet:-1","max-image-preview":"max-image-preview:large","max-video-preview":"max-video-preview:-1"},"canonical":"https:\/\/nomverify.com\/en\/service-consulting\/","og_locale":"en_US","og_type":"article","og_title":"Value Added - Nomverify M\u00e9xico","og_description":"We ensure the quality and compliance of your product, both regulatory and sanitary, at the point of sale. Contact us for more information!","og_url":"https:\/\/nomverify.com\/en\/service-consulting\/","og_site_name":"Nomverify M\u00e9xico","article_publisher":"https:\/\/www.facebook.com\/NomverifyMexico","article_modified_time":"2025-07-01T21:51:58+00:00","twitter_card":"summary_large_image","schema":{"@context":"https:\/\/schema.org","@graph":[{"@type":"WebPage","@id":"https:\/\/nomverify.com\/en\/service-consulting\/","url":"https:\/\/nomverify.com\/en\/service-consulting\/","name":"Value Added - Nomverify M\u00e9xico","isPartOf":{"@id":"https:\/\/nomverify.com\/en\/#website"},"datePublished":"2024-06-04T20:20:47+00:00","dateModified":"2025-07-01T21:51:58+00:00","description":"We ensure the quality and compliance of your product, both regulatory and sanitary, at the point of sale. Contact us for more information!","inLanguage":"en-US","potentialAction":[{"@type":"ReadAction","target":["https:\/\/nomverify.com\/en\/service-consulting\/"]}]},{"@type":"WebSite","@id":"https:\/\/nomverify.com\/en\/#website","url":"https:\/\/nomverify.com\/en\/","name":"Nomverify M\u00e9xico","description":"Unidad de Inspecci\u00f3n Acreditada UVA en M\u00e9xico","publisher":{"@id":"https:\/\/nomverify.com\/en\/#organization"},"potentialAction":[{"@type":"SearchAction","target":{"@type":"EntryPoint","urlTemplate":"https:\/\/nomverify.com\/en\/?s={search_term_string}"},"query-input":{"@type":"PropertyValueSpecification","valueRequired":true,"valueName":"search_term_string"}}],"inLanguage":"en-US"},{"@type":"Organization","@id":"https:\/\/nomverify.com\/en\/#organization","name":"NOMVERIFY M\u00c9XICO SC","alternateName":"NOMVERIFY","url":"https:\/\/nomverify.com\/en\/","logo":{"@type":"ImageObject","inLanguage":"en-US","@id":"https:\/\/nomverify.com\/en\/#\/schema\/logo\/image\/","url":"https:\/\/nomverify.com\/wp-content\/uploads\/2023\/03\/Logo-NOMVERIFY-02.png","contentUrl":"https:\/\/nomverify.com\/wp-content\/uploads\/2023\/03\/Logo-NOMVERIFY-02.png","width":1816,"height":418,"caption":"NOMVERIFY M\u00c9XICO SC"},"image":{"@id":"https:\/\/nomverify.com\/en\/#\/schema\/logo\/image\/"},"sameAs":["https:\/\/www.facebook.com\/NomverifyMexico","https:\/\/www.instagram.com\/nomverify_mx\/"]}]}},"amp_enabled":true,"_links":{"self":[{"href":"https:\/\/nomverify.com\/en\/wp-json\/wp\/v2\/pages\/9784","targetHints":{"allow":["GET"]}}],"collection":[{"href":"https:\/\/nomverify.com\/en\/wp-json\/wp\/v2\/pages"}],"about":[{"href":"https:\/\/nomverify.com\/en\/wp-json\/wp\/v2\/types\/page"}],"author":[{"embeddable":true,"href":"https:\/\/nomverify.com\/en\/wp-json\/wp\/v2\/users\/9"}],"replies":[{"embeddable":true,"href":"https:\/\/nomverify.com\/en\/wp-json\/wp\/v2\/comments?post=9784"}],"version-history":[{"count":0,"href":"https:\/\/nomverify.com\/en\/wp-json\/wp\/v2\/pages\/9784\/revisions"}],"wp:attachment":[{"href":"https:\/\/nomverify.com\/en\/wp-json\/wp\/v2\/media?parent=9784"}],"curies":[{"name":"wp","href":"https:\/\/api.w.org\/{rel}","templated":true}]}}